{"id":109,"date":"2022-01-14T17:00:27","date_gmt":"2022-01-14T17:00:27","guid":{"rendered":"http:\/\/ferienyogahaus.at\/?page_id=109"},"modified":"2022-01-15T17:29:01","modified_gmt":"2022-01-15T17:29:01","slug":"unser-gaestehandbuch","status":"publish","type":"page","link":"http:\/\/ferienyogahaus.at\/willkommen\/unser-gaestehandbuch\/","title":{"rendered":"Unser G\u00e4stehandbuch"},"content":{"rendered":"\n<p>Mit dieser digitalen Map, m\u00f6chten wir f\u00fcr unsere Unterk\u00fcnfte euch alle Informationen unkompliziert zur Verf\u00fcgung stellen, so dass ihr jederzeit von unterwegs alles nachlesen k\u00f6nnt.<\/p>\n\n\n\n<p class=\"has-text-align-center has-text-color has-medium-font-size\" style=\"color:#f5d59b\">WILLKOMMEN UND EINE SCH\u00d6NE, ERHOLSAME AUSZEIT <\/p>\n\n\n\n<div class=\"wp-block-image\"><figure class=\"aligncenter size-large is-resized\"><img loading=\"lazy\" decoding=\"async\" src=\"http:\/\/ferienyogahaus.at\/wp-content\/uploads\/2022\/01\/2DC77235-9466-4A8E-8A98-34C79375EC1B-1-1024x1024.jpg\" alt=\"\" class=\"wp-image-180\" width=\"434\" height=\"434\" srcset=\"http:\/\/ferienyogahaus.at\/wp-content\/uploads\/2022\/01\/2DC77235-9466-4A8E-8A98-34C79375EC1B-1-1024x1024.jpg 1024w, http:\/\/ferienyogahaus.at\/wp-content\/uploads\/2022\/01\/2DC77235-9466-4A8E-8A98-34C79375EC1B-1-300x300.jpg 300w, http:\/\/ferienyogahaus.at\/wp-content\/uploads\/2022\/01\/2DC77235-9466-4A8E-8A98-34C79375EC1B-1-150x150.jpg 150w, http:\/\/ferienyogahaus.at\/wp-content\/uploads\/2022\/01\/2DC77235-9466-4A8E-8A98-34C79375EC1B-1-768x768.jpg 768w, http:\/\/ferienyogahaus.at\/wp-content\/uploads\/2022\/01\/2DC77235-9466-4A8E-8A98-34C79375EC1B-1-1536x1536.jpg 1536w, http:\/\/ferienyogahaus.at\/wp-content\/uploads\/2022\/01\/2DC77235-9466-4A8E-8A98-34C79375EC1B-1-2048x2048.jpg 2048w, http:\/\/ferienyogahaus.at\/wp-content\/uploads\/2022\/01\/2DC77235-9466-4A8E-8A98-34C79375EC1B-1-510x510.jpg 510w\" sizes=\"auto, (max-width: 434px) 100vw, 434px\" \/><figcaption>Maria Rain 3 Autominuten von Unterloibl Pilgerkirche<\/figcaption><\/figure><\/div>\n\n\n\n<p>Ich  hei\u00dfe Euch in unseren zauberhaften Wohlf\u00fchlorten inmitten der K\u00e4rntner Seen, gewaltigen Berge und T\u00e4lern und oder aber in G\u00f6rlitz der wundersch\u00f6nen Oberlausitz mit all der Vielfalt von Gebirge, Steinbr\u00fcchen, Mittelalterflair herzlich Willkommen!<\/p>\n\n\n\n<p>Mein Name ist Sandra Jahnke und ich habe mir mit meinen beiden Domizilen meine Lebenstr\u00e4ume erf\u00fcllt. G\u00f6rlitz ist meine Geburtsstadt, wo mein Herz in der wunderbaren Altstadt der weiten unverbauten Natur wohnt. K\u00e4rnten\/ Unterloibl ist meine Wahlheimat, wo der andere Teil meines Herzens sich nicht mehr l\u00f6sen konnte von der beeindruckenden Natur den gewaltigen Bergen unz\u00e4hligen M\u00f6glichkeiten etwas zu erleben und zu genie\u00dfen. Beide Orte verbindet, dass sie sehr naturbelassene, wenig \u00fcberlaufende Kraftorte bieten und wer fern der vollen Touristenzentren sein m\u00f6chte, findet hier auch (nicht nur) die Einkehr und unber\u00fchrte Naturerlebnisse. <\/p>\n\n\n\n<p>Mein Wunsch sind G\u00e4ste die genau diese Gedanken und all die Liebesm\u00fch die meinen H\u00e4uschen innewohnt teilen und aus \u00e4hnlichen Gr\u00fcnden dort achtsam und mitf\u00fchlend mit der Natur dort verweilen m\u00f6chten.<\/p>\n\n\n\n<p><br>Ich w\u00fcnsche Euch einen sch\u00f6nen und erholsamen Aufenthalt und hoffe, dass ich euch begeistern kann mit all meinen geteilten Erlebnissen. Dieses G\u00e4stehandbuch soll euch helfen, sich an den Pl\u00e4tzen zurecht zu finden. Es soll Antworten auf all eure Fragen geben k\u00f6nnen. Wenn ihr hier Informationen vermisst, bitte schreibt mir eine Mail. Ich bin f\u00fcr Anregungen sehr dankbar und werde das G\u00e4stebuch gerne erg\u00e4nzen.<br><\/p>\n\n\n\n<p class=\"has-text-align-center has-text-color has-medium-font-size\" style=\"color:#f5d59b\"><strong>Nochmals: HERZLICH WILLKOMMEN!<\/strong><\/p>\n\n\n\n<div class=\"wp-block-image\"><figure class=\"alignright size-large is-resized\"><img loading=\"lazy\" decoding=\"async\" src=\"http:\/\/ferienyogahaus.at\/wp-content\/uploads\/2022\/01\/32b16ec0-7568-4fa9-a0ab-0885e24c09bd-768x1024.jpg\" alt=\"\" class=\"wp-image-185\" width=\"159\" height=\"211\" srcset=\"http:\/\/ferienyogahaus.at\/wp-content\/uploads\/2022\/01\/32b16ec0-7568-4fa9-a0ab-0885e24c09bd-768x1023.jpg 768w, http:\/\/ferienyogahaus.at\/wp-content\/uploads\/2022\/01\/32b16ec0-7568-4fa9-a0ab-0885e24c09bd-225x300.jpg 225w, http:\/\/ferienyogahaus.at\/wp-content\/uploads\/2022\/01\/32b16ec0-7568-4fa9-a0ab-0885e24c09bd-1153x1536.jpg 1153w, http:\/\/ferienyogahaus.at\/wp-content\/uploads\/2022\/01\/32b16ec0-7568-4fa9-a0ab-0885e24c09bd.jpg 1200w\" sizes=\"auto, (max-width: 159px) 100vw, 159px\" \/><figcaption>Sandra am Berzdorfer See im Landkreis G\u00f6rlitz<\/figcaption><\/figure><\/div>\n","protected":false},"excerpt":{"rendered":"<p>Mit dieser digitalen Map, m\u00f6chten wir f\u00fcr unsere Unterk\u00fcnfte euch alle Informationen unkompliziert zur Verf\u00fcgung stellen, so dass ihr jederzeit von unterwegs alles nachlesen k\u00f6nnt. WILLKOMMEN UND EINE SCH\u00d6NE, ERHOLSAME [&hellip;]<\/p>\n","protected":false},"author":1,"featured_media":0,"parent":0,"menu_order":0,"comment_status":"closed","ping_status":"closed","template":"","meta":{"footnotes":""},"class_list":["post-109","page","type-page","status-publish","czr-hentry"],"_links":{"self":[{"href":"http:\/\/ferienyogahaus.at\/willkommen\/wp-json\/wp\/v2\/pages\/109","targetHints":{"allow":["GET"]}}],"collection":[{"href":"http:\/\/ferienyogahaus.at\/willkommen\/wp-json\/wp\/v2\/pages"}],"about":[{"href":"http:\/\/ferienyogahaus.at\/willkommen\/wp-json\/wp\/v2\/types\/page"}],"author":[{"embeddable":true,"href":"http:\/\/ferienyogahaus.at\/willkommen\/wp-json\/wp\/v2\/users\/1"}],"replies":[{"embeddable":true,"href":"http:\/\/ferienyogahaus.at\/willkommen\/wp-json\/wp\/v2\/comments?post=109"}],"version-history":[{"count":5,"href":"http:\/\/ferienyogahaus.at\/willkommen\/wp-json\/wp\/v2\/pages\/109\/revisions"}],"predecessor-version":[{"id":188,"href":"http:\/\/ferienyogahaus.at\/willkommen\/wp-json\/wp\/v2\/pages\/109\/revisions\/188"}],"wp:attachment":[{"href":"http:\/\/ferienyogahaus.at\/willkommen\/wp-json\/wp\/v2\/media?parent=109"}],"curies":[{"name":"wp","href":"https:\/\/api.w.org\/{rel}","templated":true}]}}