{"id":127,"date":"2022-01-14T17:26:39","date_gmt":"2022-01-14T17:26:39","guid":{"rendered":"http:\/\/ferienyogahaus.at\/?page_id=127"},"modified":"2022-01-22T18:32:41","modified_gmt":"2022-01-22T18:32:41","slug":"anfahrt","status":"publish","type":"page","link":"http:\/\/ferienyogahaus.at\/willkommen\/kontakt\/lage-und-anreise\/anfahrt\/","title":{"rendered":"Anfahrt K\u00e4rnten\/ Unterloibl"},"content":{"rendered":"\n<h2 class=\"wp-block-heading\">Adresse: <br>FerienYogaHaus K\u00e4rnten<br>Unterloibl 82<br>9163 Ferlach<\/h2>\n\n\n\n<figure class=\"wp-block-image size-large is-resized\"><img loading=\"lazy\" decoding=\"async\" src=\"http:\/\/ferienyogahaus.at\/wp-content\/uploads\/2022\/01\/image-1-1024x475.png\" alt=\"\" class=\"wp-image-136\" width=\"706\" height=\"327\" srcset=\"http:\/\/ferienyogahaus.at\/wp-content\/uploads\/2022\/01\/image-1-1024x475.png 1024w, http:\/\/ferienyogahaus.at\/wp-content\/uploads\/2022\/01\/image-1-300x139.png 300w, http:\/\/ferienyogahaus.at\/wp-content\/uploads\/2022\/01\/image-1-768x356.png 768w, http:\/\/ferienyogahaus.at\/wp-content\/uploads\/2022\/01\/image-1-1536x712.png 1536w, http:\/\/ferienyogahaus.at\/wp-content\/uploads\/2022\/01\/image-1.png 1977w\" sizes=\"auto, (max-width: 706px) 100vw, 706px\" \/><\/figure>\n\n\n\n<div class=\"wp-block-image\"><figure class=\"aligncenter size-full is-resized\"><img loading=\"lazy\" decoding=\"async\" src=\"http:\/\/ferienyogahaus.at\/wp-content\/uploads\/2022\/01\/image-3.png\" alt=\"\" class=\"wp-image-138\" width=\"447\" height=\"392\"\/><\/figure><\/div>\n\n\n\n<h3 class=\"wp-block-heading\"><strong>Flughafen Klagenfurt<\/strong>:<\/h3>\n\n\n\n<p><img decoding=\"async\" src=\"https:\/\/maps.gstatic.com\/consumer\/images\/icons\/2x\/directions_car_grey800_24dp.png\">27 min21,6&nbsp;km Schnellste Route; \u00fcbliche Verkehrslage, \u00fcber&nbsp;B91<\/p>\n\n\n\n<p><img decoding=\"async\" src=\"https:\/\/maps.gstatic.com\/consumer\/images\/icons\/2x\/directions_car_grey800_24dp.png\">31 min32,2&nbsp;km, \u00fcber&nbsp;S Autobahn\/E66 und B91<\/p>\n\n\n\n<h3 class=\"wp-block-heading\"><strong>Flughafen Laibach<\/strong>:<\/h3>\n\n\n\n<p><img decoding=\"async\" src=\"https:\/\/maps.gstatic.com\/consumer\/images\/icons\/2x\/directions_car_grey800_24dp.png\">46 min47,2&nbsp;km, \u00fcber&nbsp;A2\/E61 und E652<\/p>\n\n\n\n<p>Schnellste Route; \u00fcbliche Verkehrslage<\/p>\n\n\n\n<ul class=\"wp-block-list\"><li>&nbsp;Mautgeb\u00fchren.<\/li><li>&nbsp;Diese Route f\u00fchrt \u00fcber eine Landesgrenze.<\/li><\/ul>\n\n\n\n<h3 class=\"wp-block-heading\"><strong>Flughafen Salzburg:<\/strong><\/h3>\n\n\n\n<p><img decoding=\"async\" src=\"https:\/\/maps.gstatic.com\/consumer\/images\/icons\/2x\/directions_car_grey800_24dp.png\">2&nbsp;h 22 min224&nbsp;km, \u00fcber&nbsp;A10<\/p>\n\n\n\n<p>Schnellste Route; \u00fcbliche Verkehrslage<\/p>\n\n\n\n<ul class=\"wp-block-list\"><li>&nbsp;Mautgeb\u00fchren.<\/li><\/ul>\n\n\n\n<p><\/p>\n","protected":false},"excerpt":{"rendered":"<p>Adresse: FerienYogaHaus K\u00e4rntenUnterloibl 829163 Ferlach Flughafen Klagenfurt: 27 min21,6&nbsp;km Schnellste Route; \u00fcbliche Verkehrslage, \u00fcber&nbsp;B91 31 min32,2&nbsp;km, \u00fcber&nbsp;S Autobahn\/E66 und B91 Flughafen Laibach: 46 min47,2&nbsp;km, \u00fcber&nbsp;A2\/E61 und E652 Schnellste Route; \u00fcbliche [&hellip;]<\/p>\n","protected":false},"author":1,"featured_media":0,"parent":142,"menu_order":1,"comment_status":"closed","ping_status":"closed","template":"","meta":{"footnotes":""},"class_list":["post-127","page","type-page","status-publish","czr-hentry"],"_links":{"self":[{"href":"http:\/\/ferienyogahaus.at\/willkommen\/wp-json\/wp\/v2\/pages\/127","targetHints":{"allow":["GET"]}}],"collection":[{"href":"http:\/\/ferienyogahaus.at\/willkommen\/wp-json\/wp\/v2\/pages"}],"about":[{"href":"http:\/\/ferienyogahaus.at\/willkommen\/wp-json\/wp\/v2\/types\/page"}],"author":[{"embeddable":true,"href":"http:\/\/ferienyogahaus.at\/willkommen\/wp-json\/wp\/v2\/users\/1"}],"replies":[{"embeddable":true,"href":"http:\/\/ferienyogahaus.at\/willkommen\/wp-json\/wp\/v2\/comments?post=127"}],"version-history":[{"count":4,"href":"http:\/\/ferienyogahaus.at\/willkommen\/wp-json\/wp\/v2\/pages\/127\/revisions"}],"predecessor-version":[{"id":141,"href":"http:\/\/ferienyogahaus.at\/willkommen\/wp-json\/wp\/v2\/pages\/127\/revisions\/141"}],"up":[{"embeddable":true,"href":"http:\/\/ferienyogahaus.at\/willkommen\/wp-json\/wp\/v2\/pages\/142"}],"wp:attachment":[{"href":"http:\/\/ferienyogahaus.at\/willkommen\/wp-json\/wp\/v2\/media?parent=127"}],"curies":[{"name":"wp","href":"https:\/\/api.w.org\/{rel}","templated":true}]}}