{"id":142,"date":"2022-01-14T18:58:49","date_gmt":"2022-01-14T18:58:49","guid":{"rendered":"http:\/\/ferienyogahaus.at\/?page_id=142"},"modified":"2022-01-26T12:30:24","modified_gmt":"2022-01-26T12:30:24","slug":"lage-und-anreise","status":"publish","type":"page","link":"http:\/\/ferienyogahaus.at\/willkommen\/kontakt\/lage-und-anreise\/","title":{"rendered":"Lage und Anreise"},"content":{"rendered":"\n<h4 class=\"wp-block-heading\" id=\"hier-findet-ihr-zu-beiden-hauser-die-lage-und-anreisemoglichkeiten-solltet-ihr-mehr-informationen-benotigen-werden-wir-euch-sehr-gern-dabei-unterstutzen\">Hier findet ihr zu beiden H\u00e4user die Lage und Anreisem\u00f6glichkeiten. Solltet ihr mehr Informationen ben\u00f6tigen, werden wir euch sehr gern dabei unterst\u00fctzen.<\/h4>\n\n\n\n<figure class=\"wp-block-image size-large is-resized\"><img loading=\"lazy\" decoding=\"async\" src=\"http:\/\/ferienyogahaus.at\/wp-content\/uploads\/2022\/01\/IMG_2509-002-1024x768.jpg\" alt=\"\" class=\"wp-image-144\" width=\"402\" height=\"301\"\/><figcaption><a href=\"https:\/\/www.google.de\/maps\/place\/Unterloibl,+9163+Ferlach\/@46.5063077,14.2701603,14z\/data=!3m1!4b1!4m5!3m4!1s0x477aa1d69747255d:0x3d76bf213923324d!8m2!3d46.50628!4d14.28767\" data-type=\"URL\" data-id=\"https:\/\/www.google.de\/maps\/place\/Unterloibl,+9163+Ferlach\/@46.5063077,14.2701603,14z\/data=!3m1!4b1!4m5!3m4!1s0x477aa1d69747255d:0x3d76bf213923324d!8m2!3d46.50628!4d14.28767\">https:\/\/www.google.de\/maps\/place\/Unterloibl,+9163+Ferlach\/@46.5063077,14.2701603,14z\/data=!3m1!4b1!4m5!3m4!1s0x477aa1d69747255d:0x3d76bf213923324d!8m2!3d46.50628!4d14.28767<\/a><\/figcaption><\/figure>\n\n\n\n<figure class=\"wp-block-image size-large is-resized\"><img loading=\"lazy\" decoding=\"async\" src=\"http:\/\/ferienyogahaus.at\/wp-content\/uploads\/2022\/01\/IMG_5918-002-768x1024.jpg\" alt=\"\" class=\"wp-image-145\" width=\"384\" height=\"512\" srcset=\"http:\/\/ferienyogahaus.at\/wp-content\/uploads\/2022\/01\/IMG_5918-002-768x1024.jpg 768w, http:\/\/ferienyogahaus.at\/wp-content\/uploads\/2022\/01\/IMG_5918-002-225x300.jpg 225w, http:\/\/ferienyogahaus.at\/wp-content\/uploads\/2022\/01\/IMG_5918-002-1152x1536.jpg 1152w, http:\/\/ferienyogahaus.at\/wp-content\/uploads\/2022\/01\/IMG_5918-002-rotated.jpg 1512w\" sizes=\"auto, (max-width: 384px) 100vw, 384px\" \/><figcaption><a href=\"https:\/\/www.google.de\/maps\/place\/Rothenburger+Str.+54,+02826+G%C3%B6rlitz,+Deutschland\/@51.1606798,14.9881438,17z\/data=!3m1!4b1!4m5!3m4!1s0x4708dc38215e5afb:0x42595d589c038bde!8m2!3d51.1606765!4d14.9903326\" data-type=\"URL\" data-id=\"https:\/\/www.google.de\/maps\/place\/Rothenburger+Str.+54,+02826+G%C3%B6rlitz,+Deutschland\/@51.1606798,14.9881438,17z\/data=!3m1!4b1!4m5!3m4!1s0x4708dc38215e5afb:0x42595d589c038bde!8m2!3d51.1606765!4d14.9903326\">https:\/\/www.google.de\/maps\/place\/Rothenburger+Str.+54,+02826+G%C3%B6rlitz,+Deutschland\/@51.1606798,14.9881438,17z\/data=!3m1!4b1!4m5!3m4!1s0x4708dc38215e5afb:0x42595d589c038bde!8m2!3d51.1606765!4d14.9903326<\/a><\/figcaption><\/figure>\n","protected":false},"excerpt":{"rendered":"<p>Hier findet ihr zu beiden H\u00e4user die Lage und Anreisem\u00f6glichkeiten. Solltet ihr mehr Informationen ben\u00f6tigen, werden wir euch sehr gern dabei unterst\u00fctzen.<\/p>\n","protected":false},"author":1,"featured_media":0,"parent":276,"menu_order":1,"comment_status":"closed","ping_status":"closed","template":"","meta":{"footnotes":""},"class_list":["post-142","page","type-page","status-publish","czr-hentry"],"_links":{"self":[{"href":"http:\/\/ferienyogahaus.at\/willkommen\/wp-json\/wp\/v2\/pages\/142","targetHints":{"allow":["GET"]}}],"collection":[{"href":"http:\/\/ferienyogahaus.at\/willkommen\/wp-json\/wp\/v2\/pages"}],"about":[{"href":"http:\/\/ferienyogahaus.at\/willkommen\/wp-json\/wp\/v2\/types\/page"}],"author":[{"embeddable":true,"href":"http:\/\/ferienyogahaus.at\/willkommen\/wp-json\/wp\/v2\/users\/1"}],"replies":[{"embeddable":true,"href":"http:\/\/ferienyogahaus.at\/willkommen\/wp-json\/wp\/v2\/comments?post=142"}],"version-history":[{"count":2,"href":"http:\/\/ferienyogahaus.at\/willkommen\/wp-json\/wp\/v2\/pages\/142\/revisions"}],"predecessor-version":[{"id":365,"href":"http:\/\/ferienyogahaus.at\/willkommen\/wp-json\/wp\/v2\/pages\/142\/revisions\/365"}],"up":[{"embeddable":true,"href":"http:\/\/ferienyogahaus.at\/willkommen\/wp-json\/wp\/v2\/pages\/276"}],"wp:attachment":[{"href":"http:\/\/ferienyogahaus.at\/willkommen\/wp-json\/wp\/v2\/media?parent=142"}],"curies":[{"name":"wp","href":"https:\/\/api.w.org\/{rel}","templated":true}]}}