{"id":288,"date":"2022-01-16T17:25:37","date_gmt":"2022-01-16T17:25:37","guid":{"rendered":"http:\/\/ferienyogahaus.at\/?page_id=288"},"modified":"2022-01-22T18:32:59","modified_gmt":"2022-01-22T18:32:59","slug":"anfahrt-goerlitz","status":"publish","type":"page","link":"http:\/\/ferienyogahaus.at\/willkommen\/kontakt\/lage-und-anreise\/anfahrt-goerlitz\/","title":{"rendered":"Anfahrt G\u00f6rlitz"},"content":{"rendered":"\n<div class=\"wp-block-columns is-layout-flex wp-container-core-columns-is-layout-9d6595d7 wp-block-columns-is-layout-flex\">\n<div class=\"wp-block-column is-layout-flow wp-block-column-is-layout-flow\" style=\"flex-basis:33.33%\">\n<p>G\u00f6rlitz liegt im Dreil\u00e4ndereck und ist auf verschiedenen Wege zu erreichen.<\/p>\n\n\n\n<h3 class=\"wp-block-heading\">Fl\u00fcge:<\/h3>\n\n\n\n<h5 class=\"wp-block-heading\">Flughafen Dresden Klotzsche:<\/h5>\n\n\n\n<p>Dieser ist cirka eine Stunde entfernt mit dem Auto oder der Bahn (Trilex). <\/p>\n\n\n\n<p>Direktfl\u00fcge an den Flughafen gehen von M\u00fcnchen, Frankfurt, K\u00f6ln, D\u00fcsseldorf uvm..<\/p>\n\n\n\n<h5 class=\"wp-block-heading\">Flughafen Berlin:<\/h5>\n\n\n\n<p>Hier sind es mit einmal umsteigen in Cottbus mit der Bahn cirka 2 1\/2 Stunden.<\/p>\n\n\n\n<h5 class=\"wp-block-heading\">Zug:<\/h5>\n\n\n\n<p>Von Frankfurt, Wien, Graz, Cottbus f\u00e4hrt man direkt nach Dresden. <\/p>\n<\/div>\n\n\n\n<div class=\"wp-block-column is-layout-flow wp-block-column-is-layout-flow\" style=\"flex-basis:66.66%\">\n<figure class=\"wp-block-image size-large is-resized\"><img loading=\"lazy\" decoding=\"async\" src=\"http:\/\/ferienyogahaus.at\/wp-content\/uploads\/2022\/01\/image-4-1024x754.png\" alt=\"\" class=\"wp-image-289\" width=\"366\" height=\"269\" srcset=\"http:\/\/ferienyogahaus.at\/wp-content\/uploads\/2022\/01\/image-4-1024x754.png 1024w, http:\/\/ferienyogahaus.at\/wp-content\/uploads\/2022\/01\/image-4-300x221.png 300w, http:\/\/ferienyogahaus.at\/wp-content\/uploads\/2022\/01\/image-4-768x566.png 768w, http:\/\/ferienyogahaus.at\/wp-content\/uploads\/2022\/01\/image-4.png 1086w\" sizes=\"auto, (max-width: 366px) 100vw, 366px\" \/><\/figure>\n<\/div>\n<\/div>\n\n\n\n<h5 class=\"wp-block-heading\">BlaBlaCar:<\/h5>\n\n\n\n<p>Nach G\u00f6rlitz fahren viele aus und nach Polen und es gibt viele g\u00fcnstige Mitfahrgelegenheiten, die bequem, freundlich und zuverl\u00e4ssig sind. Ich bin so sehr oft gefahren und meistens war es bis vor die Haust\u00fcr.<\/p>\n","protected":false},"excerpt":{"rendered":"<p>G\u00f6rlitz liegt im Dreil\u00e4ndereck und ist auf verschiedenen Wege zu erreichen. Fl\u00fcge: Flughafen Dresden Klotzsche: Dieser ist cirka eine Stunde entfernt mit dem Auto oder der Bahn (Trilex). Direktfl\u00fcge an [&hellip;]<\/p>\n","protected":false},"author":1,"featured_media":0,"parent":142,"menu_order":2,"comment_status":"closed","ping_status":"closed","template":"","meta":{"footnotes":""},"class_list":["post-288","page","type-page","status-publish","czr-hentry"],"_links":{"self":[{"href":"http:\/\/ferienyogahaus.at\/willkommen\/wp-json\/wp\/v2\/pages\/288","targetHints":{"allow":["GET"]}}],"collection":[{"href":"http:\/\/ferienyogahaus.at\/willkommen\/wp-json\/wp\/v2\/pages"}],"about":[{"href":"http:\/\/ferienyogahaus.at\/willkommen\/wp-json\/wp\/v2\/types\/page"}],"author":[{"embeddable":true,"href":"http:\/\/ferienyogahaus.at\/willkommen\/wp-json\/wp\/v2\/users\/1"}],"replies":[{"embeddable":true,"href":"http:\/\/ferienyogahaus.at\/willkommen\/wp-json\/wp\/v2\/comments?post=288"}],"version-history":[{"count":1,"href":"http:\/\/ferienyogahaus.at\/willkommen\/wp-json\/wp\/v2\/pages\/288\/revisions"}],"predecessor-version":[{"id":292,"href":"http:\/\/ferienyogahaus.at\/willkommen\/wp-json\/wp\/v2\/pages\/288\/revisions\/292"}],"up":[{"embeddable":true,"href":"http:\/\/ferienyogahaus.at\/willkommen\/wp-json\/wp\/v2\/pages\/142"}],"wp:attachment":[{"href":"http:\/\/ferienyogahaus.at\/willkommen\/wp-json\/wp\/v2\/media?parent=288"}],"curies":[{"name":"wp","href":"https:\/\/api.w.org\/{rel}","templated":true}]}}