{"id":351,"date":"2022-01-25T13:44:47","date_gmt":"2022-01-25T13:44:47","guid":{"rendered":"http:\/\/ferienyogahaus.at\/?page_id=351"},"modified":"2025-04-04T16:10:13","modified_gmt":"2025-04-04T16:10:13","slug":"preisuebersicht-kaernten","status":"publish","type":"page","link":"http:\/\/ferienyogahaus.at\/willkommen\/ferienyogahaus-kaernten\/preisuebersicht-kaernten\/","title":{"rendered":"Preis\u00fcbersicht K\u00e4rnten"},"content":{"rendered":"\n<p>Hier findet Ihr die aktuelle Preis\u00fcbersicht. Die hervorgehobenen Felder sind Saisonpreise, da hier eine sehr gro\u00dfe Nachfrage besteht. Gern unterbreiten wir Euch ein individuelles Angebot. <\/p>\n\n\n\n<figure class=\"wp-block-image size-large\"><img loading=\"lazy\" decoding=\"async\" width=\"1024\" height=\"605\" src=\"http:\/\/ferienyogahaus.at\/wp-content\/uploads\/2023\/09\/image-1024x605.png\" alt=\"\" class=\"wp-image-427\" srcset=\"http:\/\/ferienyogahaus.at\/wp-content\/uploads\/2023\/09\/image-1024x605.png 1024w, http:\/\/ferienyogahaus.at\/wp-content\/uploads\/2023\/09\/image-300x177.png 300w, http:\/\/ferienyogahaus.at\/wp-content\/uploads\/2023\/09\/image-768x454.png 768w, http:\/\/ferienyogahaus.at\/wp-content\/uploads\/2023\/09\/image.png 1258w\" sizes=\"auto, (max-width: 1024px) 100vw, 1024px\" \/><\/figure>\n\n\n\n<p>Es kommen 1,95 Euro \u00dcbernachtungsgeb\u00fchr der Gemeinde Ferlach hinzu, die separat abgerechnet werden pro Person ab 12 Jahre. Die Preise verstehen sich zuz\u00fcglich 10% Mehrwertsteuer. Nach Bezahlung erhalten G\u00e4ste 2 Wochen vor der Anreise alle Details und wir stehen on 08:00 bis 22:00 t\u00e4glich mit WhatsApp und Tipps zur Verf\u00fcgung. <\/p>\n","protected":false},"excerpt":{"rendered":"<p>Hier findet Ihr die aktuelle Preis\u00fcbersicht. Die hervorgehobenen Felder sind Saisonpreise, da hier eine sehr gro\u00dfe Nachfrage besteht. Gern unterbreiten wir Euch ein individuelles Angebot. Es kommen 1,95 Euro \u00dcbernachtungsgeb\u00fchr [&hellip;]<\/p>\n","protected":false},"author":1,"featured_media":0,"parent":58,"menu_order":1,"comment_status":"closed","ping_status":"closed","template":"","meta":{"footnotes":""},"class_list":["post-351","page","type-page","status-publish","czr-hentry"],"_links":{"self":[{"href":"http:\/\/ferienyogahaus.at\/willkommen\/wp-json\/wp\/v2\/pages\/351","targetHints":{"allow":["GET"]}}],"collection":[{"href":"http:\/\/ferienyogahaus.at\/willkommen\/wp-json\/wp\/v2\/pages"}],"about":[{"href":"http:\/\/ferienyogahaus.at\/willkommen\/wp-json\/wp\/v2\/types\/page"}],"author":[{"embeddable":true,"href":"http:\/\/ferienyogahaus.at\/willkommen\/wp-json\/wp\/v2\/users\/1"}],"replies":[{"embeddable":true,"href":"http:\/\/ferienyogahaus.at\/willkommen\/wp-json\/wp\/v2\/comments?post=351"}],"version-history":[{"count":3,"href":"http:\/\/ferienyogahaus.at\/willkommen\/wp-json\/wp\/v2\/pages\/351\/revisions"}],"predecessor-version":[{"id":461,"href":"http:\/\/ferienyogahaus.at\/willkommen\/wp-json\/wp\/v2\/pages\/351\/revisions\/461"}],"up":[{"embeddable":true,"href":"http:\/\/ferienyogahaus.at\/willkommen\/wp-json\/wp\/v2\/pages\/58"}],"wp:attachment":[{"href":"http:\/\/ferienyogahaus.at\/willkommen\/wp-json\/wp\/v2\/media?parent=351"}],"curies":[{"name":"wp","href":"https:\/\/api.w.org\/{rel}","templated":true}]}}