{"id":85,"date":"2022-01-14T15:27:01","date_gmt":"2022-01-14T15:27:01","guid":{"rendered":"http:\/\/ferienyogahaus.at\/?page_id=85"},"modified":"2022-01-16T18:19:57","modified_gmt":"2022-01-16T18:19:57","slug":"lieblingsplatzl","status":"publish","type":"page","link":"http:\/\/ferienyogahaus.at\/willkommen\/lieblingsplatzl\/","title":{"rendered":"Lieblingsplatz\u00b4l"},"content":{"rendered":"\n<p>Hier findet ihr unsere Lieblingspl\u00e4tze, sowohl in G\u00f6rlitz als auch in K\u00e4rnten, so dass ihr diese auch besuchen und genie\u00dfen k\u00f6nnt. Winter wie Sommer haben wir wunderbare Augenblicke f\u00fcr euch festgehalten und den Ort dazu gef\u00fcgt, damit ihr es auch finden k\u00f6nnt.<\/p>\n\n\n\n<h3 class=\"wp-block-heading\">Ressnigteich Wohlf\u00fchlsee Sommer wie Winter<\/h3>\n\n\n\n<p>3 Autominuten vom Haus entfernt. Mit dem Fahrrad 20 Minuten. Vorbei am Gasthof Plasch findet ihr den Badesee mit wundersch\u00f6nem Bergblick und ganz nah am Drau- Fahrradweg nach Villach und Spaziereinstieg nach Maria Rain. Parkplatz im Sommer 4,00 Euro Tagesticket. Eintritt frei.<\/p>\n\n\n\n<div class=\"wp-block-image\"><figure class=\"aligncenter size-large is-resized\"><img loading=\"lazy\" decoding=\"async\" src=\"http:\/\/ferienyogahaus.at\/wp-content\/uploads\/2022\/01\/3EA4409C-B04F-409E-8BB1-0B6A86363514-1024x776.jpeg\" alt=\"\" class=\"wp-image-250\" width=\"723\" height=\"548\" srcset=\"http:\/\/ferienyogahaus.at\/wp-content\/uploads\/2022\/01\/3EA4409C-B04F-409E-8BB1-0B6A86363514-1024x776.jpeg 1024w, http:\/\/ferienyogahaus.at\/wp-content\/uploads\/2022\/01\/3EA4409C-B04F-409E-8BB1-0B6A86363514-300x227.jpeg 300w, http:\/\/ferienyogahaus.at\/wp-content\/uploads\/2022\/01\/3EA4409C-B04F-409E-8BB1-0B6A86363514-768x582.jpeg 768w, http:\/\/ferienyogahaus.at\/wp-content\/uploads\/2022\/01\/3EA4409C-B04F-409E-8BB1-0B6A86363514-1536x1164.jpeg 1536w, http:\/\/ferienyogahaus.at\/wp-content\/uploads\/2022\/01\/3EA4409C-B04F-409E-8BB1-0B6A86363514-2048x1553.jpeg 2048w\" sizes=\"auto, (max-width: 723px) 100vw, 723px\" \/><\/figure><\/div>\n\n\n\n<h5 class=\"wp-block-heading\">Route: <a href=\"https:\/\/goo.gl\/maps\/WgfvRbjvNTdjhv2h9\" data-type=\"URL\" data-id=\"https:\/\/goo.gl\/maps\/WgfvRbjvNTdjhv2h9\">https:\/\/goo.gl\/maps\/WgfvRbjvNTdjhv2h9<\/a><\/h5>\n\n\n\n<h3 class=\"wp-block-heading\">Singerberg direkt vor T\u00fcr ohne Auto<\/h3>\n\n\n\n<div class=\"wp-block-image\"><figure class=\"aligncenter size-large is-resized\"><img loading=\"lazy\" decoding=\"async\" src=\"http:\/\/ferienyogahaus.at\/wp-content\/uploads\/2022\/01\/CA6CE96F-A861-44A7-A610-F63ECD65A1B0-scaled-e1642278901415-1024x660.jpeg\" alt=\"\" class=\"wp-image-253\" width=\"715\" height=\"461\" srcset=\"http:\/\/ferienyogahaus.at\/wp-content\/uploads\/2022\/01\/CA6CE96F-A861-44A7-A610-F63ECD65A1B0-scaled-e1642278901415-1024x660.jpeg 1024w, http:\/\/ferienyogahaus.at\/wp-content\/uploads\/2022\/01\/CA6CE96F-A861-44A7-A610-F63ECD65A1B0-scaled-e1642278901415-300x193.jpeg 300w, http:\/\/ferienyogahaus.at\/wp-content\/uploads\/2022\/01\/CA6CE96F-A861-44A7-A610-F63ECD65A1B0-scaled-e1642278901415-768x495.jpeg 768w, http:\/\/ferienyogahaus.at\/wp-content\/uploads\/2022\/01\/CA6CE96F-A861-44A7-A610-F63ECD65A1B0-scaled-e1642278901415-1536x989.jpeg 1536w, http:\/\/ferienyogahaus.at\/wp-content\/uploads\/2022\/01\/CA6CE96F-A861-44A7-A610-F63ECD65A1B0-scaled-e1642278901415-2048x1319.jpeg 2048w\" sizes=\"auto, (max-width: 715px) 100vw, 715px\" \/><figcaption>Blick von der Wandertour auf den Singerberg<\/figcaption><\/figure><\/div>\n\n\n\n<p>Vom Haus aus kann man  direkt (5 Minuten Fussweg) zum 1589 m hohen Singerberg aufbrechen. Lediglich die Sackgasse zur Loiblstra\u00dfe wieder hochlaufen und rechts ein St\u00fcck die Stra\u00dfe entlang. Vorbei am Friedhof und vorbei an der ersten und zweiten Schranke und kurz vor Unterbergen f\u00fchrt dann ein Weg links hinein. Hin und zur\u00fcck ist man gut \u00fcber 4 h unterwegs und es ist Vorsicht geboten, da es viele Auf- und Abstiegswege gibt. So kann man durchaus bis zum Gasthof Singer oder bis Kappel wandern, wenn man den falschen R\u00fcckweg nimmt. Es gibt wunderbare Ausblicke auf Klagenfurt, Ferlach und das Ferlacher Horn.<\/p>\n","protected":false},"excerpt":{"rendered":"<p>Hier findet ihr unsere Lieblingspl\u00e4tze, sowohl in G\u00f6rlitz als auch in K\u00e4rnten, so dass ihr diese auch besuchen und genie\u00dfen k\u00f6nnt. Winter wie Sommer haben wir wunderbare Augenblicke f\u00fcr euch [&hellip;]<\/p>\n","protected":false},"author":1,"featured_media":0,"parent":0,"menu_order":0,"comment_status":"closed","ping_status":"closed","template":"","meta":{"footnotes":""},"class_list":["post-85","page","type-page","status-publish","czr-hentry"],"_links":{"self":[{"href":"http:\/\/ferienyogahaus.at\/willkommen\/wp-json\/wp\/v2\/pages\/85","targetHints":{"allow":["GET"]}}],"collection":[{"href":"http:\/\/ferienyogahaus.at\/willkommen\/wp-json\/wp\/v2\/pages"}],"about":[{"href":"http:\/\/ferienyogahaus.at\/willkommen\/wp-json\/wp\/v2\/types\/page"}],"author":[{"embeddable":true,"href":"http:\/\/ferienyogahaus.at\/willkommen\/wp-json\/wp\/v2\/users\/1"}],"replies":[{"embeddable":true,"href":"http:\/\/ferienyogahaus.at\/willkommen\/wp-json\/wp\/v2\/comments?post=85"}],"version-history":[{"count":5,"href":"http:\/\/ferienyogahaus.at\/willkommen\/wp-json\/wp\/v2\/pages\/85\/revisions"}],"predecessor-version":[{"id":304,"href":"http:\/\/ferienyogahaus.at\/willkommen\/wp-json\/wp\/v2\/pages\/85\/revisions\/304"}],"wp:attachment":[{"href":"http:\/\/ferienyogahaus.at\/willkommen\/wp-json\/wp\/v2\/media?parent=85"}],"curies":[{"name":"wp","href":"https:\/\/api.w.org\/{rel}","templated":true}]}}